{"id":1508,"date":"2025-11-04T15:28:20","date_gmt":"2025-11-04T18:28:20","guid":{"rendered":"https:\/\/tecidosavenida.com.br\/?page_id=1508"},"modified":"2026-02-26T16:03:10","modified_gmt":"2026-02-26T19:03:10","slug":"automotivos","status":"publish","type":"page","link":"https:\/\/tecidosavenida.com.br\/index.php\/automotivos\/","title":{"rendered":"Automotivos"},"content":{"rendered":"\n<div class=\"wp-block-group alignwide has-global-padding is-layout-constrained wp-block-group-is-layout-constrained\">\n<p><code>Tecidos automotivos desenvolvidos para oferecer conforto, resist\u00eancia e eleg\u00e2ncia. Ideais para bancos e acabamentos internos, combinam durabilidade com um visual refinado e toque agrad\u00e1vel, elevando o padr\u00e3o do interior do ve\u00edculo<\/code><\/p>\n<\/div>\n\n\n\n<div class=\"wp-block-group alignfull has-global-padding is-layout-constrained wp-container-core-group-is-layout-b25ccd55 wp-block-group-is-layout-constrained\" style=\"margin-top:0;margin-bottom:0;padding-top:var(--wp--preset--spacing--50);padding-right:var(--wp--preset--spacing--50);padding-bottom:var(--wp--preset--spacing--50);padding-left:var(--wp--preset--spacing--50)\">\n<div class=\"wp-block-columns alignwide is-layout-flex wp-container-core-columns-is-layout-ff4b9c61 wp-block-columns-is-layout-flex\" style=\"margin-top:0;margin-bottom:0\">\n<div class=\"wp-block-column is-layout-flow wp-container-core-column-is-layout-8a368f38 wp-block-column-is-layout-flow\">\n<figure class=\"wp-block-image size-full is-style-rounded is-style-rounded--1\"><img fetchpriority=\"high\" decoding=\"async\" width=\"922\" height=\"922\" src=\"https:\/\/tecidosavenida.com.br\/wp-content\/uploads\/2025\/11\/IMG_20251104_154509275.jpg\" alt=\"\" class=\"wp-image-1513\" style=\"aspect-ratio:4\/3;object-fit:cover\" srcset=\"https:\/\/tecidosavenida.com.br\/wp-content\/uploads\/2025\/11\/IMG_20251104_154509275.jpg 922w, https:\/\/tecidosavenida.com.br\/wp-content\/uploads\/2025\/11\/IMG_20251104_154509275-300x300.jpg 300w, https:\/\/tecidosavenida.com.br\/wp-content\/uploads\/2025\/11\/IMG_20251104_154509275-150x150.jpg 150w, https:\/\/tecidosavenida.com.br\/wp-content\/uploads\/2025\/11\/IMG_20251104_154509275-768x768.jpg 768w, https:\/\/tecidosavenida.com.br\/wp-content\/uploads\/2025\/11\/IMG_20251104_154509275-600x600.jpg 600w, https:\/\/tecidosavenida.com.br\/wp-content\/uploads\/2025\/11\/IMG_20251104_154509275-100x100.jpg 100w\" sizes=\"(max-width: 922px) 100vw, 922px\" \/><\/figure>\n\n\n\n<div style=\"height:var(--wp--preset--spacing--50)\" aria-hidden=\"true\" class=\"wp-block-spacer\"><\/div>\n\n\n\n<figure class=\"wp-block-image size-full is-style-rounded is-style-rounded--2\"><img decoding=\"async\" width=\"922\" height=\"922\" src=\"https:\/\/tecidosavenida.com.br\/wp-content\/uploads\/2025\/11\/IMG_20251104_154522209.jpg\" alt=\"\" class=\"wp-image-1517\" style=\"aspect-ratio:3\/4;object-fit:cover\" srcset=\"https:\/\/tecidosavenida.com.br\/wp-content\/uploads\/2025\/11\/IMG_20251104_154522209.jpg 922w, https:\/\/tecidosavenida.com.br\/wp-content\/uploads\/2025\/11\/IMG_20251104_154522209-300x300.jpg 300w, https:\/\/tecidosavenida.com.br\/wp-content\/uploads\/2025\/11\/IMG_20251104_154522209-150x150.jpg 150w, https:\/\/tecidosavenida.com.br\/wp-content\/uploads\/2025\/11\/IMG_20251104_154522209-768x768.jpg 768w, https:\/\/tecidosavenida.com.br\/wp-content\/uploads\/2025\/11\/IMG_20251104_154522209-600x600.jpg 600w, https:\/\/tecidosavenida.com.br\/wp-content\/uploads\/2025\/11\/IMG_20251104_154522209-100x100.jpg 100w\" sizes=\"(max-width: 922px) 100vw, 922px\" \/><\/figure>\n\n\n\n<div style=\"height:var(--wp--preset--spacing--50)\" aria-hidden=\"true\" class=\"wp-block-spacer\"><\/div>\n\n\n\n<figure class=\"wp-block-image size-full is-style-rounded is-style-rounded--3\"><img decoding=\"async\" width=\"461\" height=\"461\" src=\"https:\/\/tecidosavenida.com.br\/wp-content\/uploads\/2025\/11\/IMG_20251104_154545800.jpg\" alt=\"\" class=\"wp-image-1523\" style=\"aspect-ratio:3\/4;object-fit:cover\" srcset=\"https:\/\/tecidosavenida.com.br\/wp-content\/uploads\/2025\/11\/IMG_20251104_154545800.jpg 461w, https:\/\/tecidosavenida.com.br\/wp-content\/uploads\/2025\/11\/IMG_20251104_154545800-300x300.jpg 300w, https:\/\/tecidosavenida.com.br\/wp-content\/uploads\/2025\/11\/IMG_20251104_154545800-150x150.jpg 150w, https:\/\/tecidosavenida.com.br\/wp-content\/uploads\/2025\/11\/IMG_20251104_154545800-100x100.jpg 100w\" sizes=\"(max-width: 461px) 100vw, 461px\" \/><\/figure>\n<\/div>\n\n\n\n<div class=\"wp-block-column is-layout-flow wp-container-core-column-is-layout-8a368f38 wp-block-column-is-layout-flow\">\n<div style=\"height:var(--wp--preset--spacing--50)\" aria-hidden=\"true\" class=\"wp-block-spacer\"><\/div>\n\n\n\n<figure class=\"wp-block-image size-full is-style-rounded is-style-rounded--4\"><img loading=\"lazy\" decoding=\"async\" width=\"922\" height=\"922\" src=\"https:\/\/tecidosavenida.com.br\/wp-content\/uploads\/2025\/11\/IMG_20251104_154512440.jpg\" alt=\"\" class=\"wp-image-1514\" style=\"aspect-ratio:3\/4;object-fit:cover\" srcset=\"https:\/\/tecidosavenida.com.br\/wp-content\/uploads\/2025\/11\/IMG_20251104_154512440.jpg 922w, https:\/\/tecidosavenida.com.br\/wp-content\/uploads\/2025\/11\/IMG_20251104_154512440-300x300.jpg 300w, https:\/\/tecidosavenida.com.br\/wp-content\/uploads\/2025\/11\/IMG_20251104_154512440-150x150.jpg 150w, https:\/\/tecidosavenida.com.br\/wp-content\/uploads\/2025\/11\/IMG_20251104_154512440-768x768.jpg 768w, https:\/\/tecidosavenida.com.br\/wp-content\/uploads\/2025\/11\/IMG_20251104_154512440-600x600.jpg 600w, https:\/\/tecidosavenida.com.br\/wp-content\/uploads\/2025\/11\/IMG_20251104_154512440-100x100.jpg 100w\" sizes=\"(max-width: 922px) 100vw, 922px\" \/><\/figure>\n\n\n\n<div style=\"height:var(--wp--preset--spacing--50)\" aria-hidden=\"true\" class=\"wp-block-spacer\"><\/div>\n\n\n\n<figure class=\"wp-block-image size-full is-style-rounded is-style-rounded--5\"><img loading=\"lazy\" decoding=\"async\" width=\"922\" height=\"922\" src=\"https:\/\/tecidosavenida.com.br\/wp-content\/uploads\/2025\/11\/IMG_20251104_154525582.jpg\" alt=\"\" class=\"wp-image-1518\" style=\"aspect-ratio:1;object-fit:cover\" srcset=\"https:\/\/tecidosavenida.com.br\/wp-content\/uploads\/2025\/11\/IMG_20251104_154525582.jpg 922w, https:\/\/tecidosavenida.com.br\/wp-content\/uploads\/2025\/11\/IMG_20251104_154525582-300x300.jpg 300w, https:\/\/tecidosavenida.com.br\/wp-content\/uploads\/2025\/11\/IMG_20251104_154525582-150x150.jpg 150w, https:\/\/tecidosavenida.com.br\/wp-content\/uploads\/2025\/11\/IMG_20251104_154525582-768x768.jpg 768w, https:\/\/tecidosavenida.com.br\/wp-content\/uploads\/2025\/11\/IMG_20251104_154525582-600x600.jpg 600w, https:\/\/tecidosavenida.com.br\/wp-content\/uploads\/2025\/11\/IMG_20251104_154525582-100x100.jpg 100w\" sizes=\"(max-width: 922px) 100vw, 922px\" \/><\/figure>\n\n\n\n<div style=\"height:var(--wp--preset--spacing--50)\" aria-hidden=\"true\" class=\"wp-block-spacer\"><\/div>\n\n\n\n<figure class=\"wp-block-image size-full is-style-rounded is-style-rounded--6\"><img loading=\"lazy\" decoding=\"async\" width=\"461\" height=\"461\" src=\"https:\/\/tecidosavenida.com.br\/wp-content\/uploads\/2025\/11\/IMG_20251104_154541065.jpg\" alt=\"\" class=\"wp-image-1522\" style=\"aspect-ratio:1;object-fit:cover\" srcset=\"https:\/\/tecidosavenida.com.br\/wp-content\/uploads\/2025\/11\/IMG_20251104_154541065.jpg 461w, https:\/\/tecidosavenida.com.br\/wp-content\/uploads\/2025\/11\/IMG_20251104_154541065-300x300.jpg 300w, https:\/\/tecidosavenida.com.br\/wp-content\/uploads\/2025\/11\/IMG_20251104_154541065-150x150.jpg 150w, https:\/\/tecidosavenida.com.br\/wp-content\/uploads\/2025\/11\/IMG_20251104_154541065-100x100.jpg 100w\" sizes=\"(max-width: 461px) 100vw, 461px\" \/><\/figure>\n<\/div>\n\n\n\n<div class=\"wp-block-column is-layout-flow wp-container-core-column-is-layout-8a368f38 wp-block-column-is-layout-flow\">\n<figure class=\"wp-block-image size-full is-style-rounded is-style-rounded--7\"><img loading=\"lazy\" decoding=\"async\" width=\"922\" height=\"922\" src=\"https:\/\/tecidosavenida.com.br\/wp-content\/uploads\/2025\/11\/IMG_20251104_154515280.jpg\" alt=\"\" class=\"wp-image-1515\" style=\"aspect-ratio:3\/4;object-fit:cover\" srcset=\"https:\/\/tecidosavenida.com.br\/wp-content\/uploads\/2025\/11\/IMG_20251104_154515280.jpg 922w, https:\/\/tecidosavenida.com.br\/wp-content\/uploads\/2025\/11\/IMG_20251104_154515280-300x300.jpg 300w, https:\/\/tecidosavenida.com.br\/wp-content\/uploads\/2025\/11\/IMG_20251104_154515280-150x150.jpg 150w, https:\/\/tecidosavenida.com.br\/wp-content\/uploads\/2025\/11\/IMG_20251104_154515280-768x768.jpg 768w, https:\/\/tecidosavenida.com.br\/wp-content\/uploads\/2025\/11\/IMG_20251104_154515280-600x600.jpg 600w, https:\/\/tecidosavenida.com.br\/wp-content\/uploads\/2025\/11\/IMG_20251104_154515280-100x100.jpg 100w\" sizes=\"(max-width: 922px) 100vw, 922px\" \/><\/figure>\n\n\n\n<div style=\"height:var(--wp--preset--spacing--50)\" aria-hidden=\"true\" class=\"wp-block-spacer\"><\/div>\n\n\n\n<figure class=\"wp-block-image size-full is-style-rounded is-style-rounded--8\"><img loading=\"lazy\" decoding=\"async\" width=\"922\" height=\"922\" src=\"https:\/\/tecidosavenida.com.br\/wp-content\/uploads\/2025\/11\/IMG_20251104_154529388_HDR.jpg\" alt=\"\" class=\"wp-image-1519\" style=\"aspect-ratio:3\/4;object-fit:cover\" srcset=\"https:\/\/tecidosavenida.com.br\/wp-content\/uploads\/2025\/11\/IMG_20251104_154529388_HDR.jpg 922w, https:\/\/tecidosavenida.com.br\/wp-content\/uploads\/2025\/11\/IMG_20251104_154529388_HDR-300x300.jpg 300w, https:\/\/tecidosavenida.com.br\/wp-content\/uploads\/2025\/11\/IMG_20251104_154529388_HDR-150x150.jpg 150w, https:\/\/tecidosavenida.com.br\/wp-content\/uploads\/2025\/11\/IMG_20251104_154529388_HDR-768x768.jpg 768w, https:\/\/tecidosavenida.com.br\/wp-content\/uploads\/2025\/11\/IMG_20251104_154529388_HDR-600x600.jpg 600w, https:\/\/tecidosavenida.com.br\/wp-content\/uploads\/2025\/11\/IMG_20251104_154529388_HDR-100x100.jpg 100w\" sizes=\"(max-width: 922px) 100vw, 922px\" \/><\/figure>\n\n\n\n<div style=\"height:var(--wp--preset--spacing--50)\" aria-hidden=\"true\" class=\"wp-block-spacer\"><\/div>\n\n\n\n<div class=\"wp-block-cover\"><img loading=\"lazy\" decoding=\"async\" width=\"774\" height=\"774\" class=\"wp-block-cover__image-background wp-image-1491\" alt=\"\" src=\"https:\/\/tecidosavenida.com.br\/wp-content\/uploads\/2025\/10\/WhatsApp-Image-2023-02-25-at-09.30.22-edited.jpeg\" data-object-fit=\"cover\" srcset=\"https:\/\/tecidosavenida.com.br\/wp-content\/uploads\/2025\/10\/WhatsApp-Image-2023-02-25-at-09.30.22-edited.jpeg 774w, https:\/\/tecidosavenida.com.br\/wp-content\/uploads\/2025\/10\/WhatsApp-Image-2023-02-25-at-09.30.22-edited-300x300.jpeg 300w, https:\/\/tecidosavenida.com.br\/wp-content\/uploads\/2025\/10\/WhatsApp-Image-2023-02-25-at-09.30.22-edited-150x150.jpeg 150w, https:\/\/tecidosavenida.com.br\/wp-content\/uploads\/2025\/10\/WhatsApp-Image-2023-02-25-at-09.30.22-edited-768x768.jpeg 768w, https:\/\/tecidosavenida.com.br\/wp-content\/uploads\/2025\/10\/WhatsApp-Image-2023-02-25-at-09.30.22-edited-600x600.jpeg 600w, https:\/\/tecidosavenida.com.br\/wp-content\/uploads\/2025\/10\/WhatsApp-Image-2023-02-25-at-09.30.22-edited-100x100.jpeg 100w\" sizes=\"(max-width: 774px) 100vw, 774px\" \/><span aria-hidden=\"true\" class=\"wp-block-cover__background has-background-dim\"><\/span><div class=\"wp-block-cover__inner-container is-layout-flow wp-block-cover-is-layout-flow\">\n<p><\/p>\n<\/div><\/div>\n<\/div>\n\n\n\n<div class=\"wp-block-column is-layout-flow wp-container-core-column-is-layout-8a368f38 wp-block-column-is-layout-flow\">\n<div style=\"height:var(--wp--preset--spacing--50)\" aria-hidden=\"true\" class=\"wp-block-spacer\"><\/div>\n\n\n\n<figure class=\"wp-block-image size-full is-style-rounded is-style-rounded--9\"><img loading=\"lazy\" decoding=\"async\" width=\"922\" height=\"922\" src=\"https:\/\/tecidosavenida.com.br\/wp-content\/uploads\/2025\/11\/IMG_20251104_154518886.jpg\" alt=\"\" class=\"wp-image-1516\" style=\"aspect-ratio:1;object-fit:cover\" srcset=\"https:\/\/tecidosavenida.com.br\/wp-content\/uploads\/2025\/11\/IMG_20251104_154518886.jpg 922w, https:\/\/tecidosavenida.com.br\/wp-content\/uploads\/2025\/11\/IMG_20251104_154518886-300x300.jpg 300w, https:\/\/tecidosavenida.com.br\/wp-content\/uploads\/2025\/11\/IMG_20251104_154518886-150x150.jpg 150w, https:\/\/tecidosavenida.com.br\/wp-content\/uploads\/2025\/11\/IMG_20251104_154518886-768x768.jpg 768w, https:\/\/tecidosavenida.com.br\/wp-content\/uploads\/2025\/11\/IMG_20251104_154518886-600x600.jpg 600w, https:\/\/tecidosavenida.com.br\/wp-content\/uploads\/2025\/11\/IMG_20251104_154518886-100x100.jpg 100w\" sizes=\"(max-width: 922px) 100vw, 922px\" \/><\/figure>\n\n\n\n<div style=\"height:var(--wp--preset--spacing--50)\" aria-hidden=\"true\" class=\"wp-block-spacer\"><\/div>\n\n\n\n<figure class=\"wp-block-image size-full is-style-rounded is-style-rounded--10\"><img loading=\"lazy\" decoding=\"async\" width=\"922\" height=\"922\" src=\"https:\/\/tecidosavenida.com.br\/wp-content\/uploads\/2025\/11\/IMG_20251104_154533912.jpg\" alt=\"\" class=\"wp-image-1520\" style=\"aspect-ratio:16\/9;object-fit:cover\" srcset=\"https:\/\/tecidosavenida.com.br\/wp-content\/uploads\/2025\/11\/IMG_20251104_154533912.jpg 922w, https:\/\/tecidosavenida.com.br\/wp-content\/uploads\/2025\/11\/IMG_20251104_154533912-300x300.jpg 300w, https:\/\/tecidosavenida.com.br\/wp-content\/uploads\/2025\/11\/IMG_20251104_154533912-150x150.jpg 150w, https:\/\/tecidosavenida.com.br\/wp-content\/uploads\/2025\/11\/IMG_20251104_154533912-768x768.jpg 768w, https:\/\/tecidosavenida.com.br\/wp-content\/uploads\/2025\/11\/IMG_20251104_154533912-600x600.jpg 600w, https:\/\/tecidosavenida.com.br\/wp-content\/uploads\/2025\/11\/IMG_20251104_154533912-100x100.jpg 100w\" sizes=\"(max-width: 922px) 100vw, 922px\" \/><\/figure>\n\n\n\n<div style=\"height:var(--wp--preset--spacing--50)\" aria-hidden=\"true\" class=\"wp-block-spacer\"><\/div>\n\n\n\n<figure class=\"wp-block-image size-full is-style-rounded is-style-rounded--11\"><img loading=\"lazy\" decoding=\"async\" width=\"922\" height=\"922\" src=\"https:\/\/tecidosavenida.com.br\/wp-content\/uploads\/2025\/11\/IMG_20251104_154536194.jpg\" alt=\"\" class=\"wp-image-1521\" style=\"aspect-ratio:9\/16;object-fit:cover\" srcset=\"https:\/\/tecidosavenida.com.br\/wp-content\/uploads\/2025\/11\/IMG_20251104_154536194.jpg 922w, https:\/\/tecidosavenida.com.br\/wp-content\/uploads\/2025\/11\/IMG_20251104_154536194-300x300.jpg 300w, https:\/\/tecidosavenida.com.br\/wp-content\/uploads\/2025\/11\/IMG_20251104_154536194-150x150.jpg 150w, https:\/\/tecidosavenida.com.br\/wp-content\/uploads\/2025\/11\/IMG_20251104_154536194-768x768.jpg 768w, https:\/\/tecidosavenida.com.br\/wp-content\/uploads\/2025\/11\/IMG_20251104_154536194-600x600.jpg 600w, https:\/\/tecidosavenida.com.br\/wp-content\/uploads\/2025\/11\/IMG_20251104_154536194-100x100.jpg 100w\" sizes=\"(max-width: 922px) 100vw, 922px\" \/><\/figure>\n<\/div>\n<\/div>\n<\/div>\n","protected":false},"excerpt":{"rendered":"<p>Tecidos automotivos desenvolvidos para oferecer conforto, resist\u00eancia e eleg\u00e2ncia. Ideais para bancos e acabamentos internos, combinam durabilidade com um visual refinado e toque agrad\u00e1vel, elevando o padr\u00e3o do interior do ve\u00edculo<\/p>\n","protected":false},"author":2,"featured_media":0,"parent":0,"menu_order":0,"comment_status":"closed","ping_status":"closed","template":"","meta":{"footnotes":""},"class_list":["post-1508","page","type-page","status-publish","hentry"],"_links":{"self":[{"href":"https:\/\/tecidosavenida.com.br\/index.php\/wp-json\/wp\/v2\/pages\/1508","targetHints":{"allow":["GET"]}}],"collection":[{"href":"https:\/\/tecidosavenida.com.br\/index.php\/wp-json\/wp\/v2\/pages"}],"about":[{"href":"https:\/\/tecidosavenida.com.br\/index.php\/wp-json\/wp\/v2\/types\/page"}],"author":[{"embeddable":true,"href":"https:\/\/tecidosavenida.com.br\/index.php\/wp-json\/wp\/v2\/users\/2"}],"replies":[{"embeddable":true,"href":"https:\/\/tecidosavenida.com.br\/index.php\/wp-json\/wp\/v2\/comments?post=1508"}],"version-history":[{"count":7,"href":"https:\/\/tecidosavenida.com.br\/index.php\/wp-json\/wp\/v2\/pages\/1508\/revisions"}],"predecessor-version":[{"id":1529,"href":"https:\/\/tecidosavenida.com.br\/index.php\/wp-json\/wp\/v2\/pages\/1508\/revisions\/1529"}],"wp:attachment":[{"href":"https:\/\/tecidosavenida.com.br\/index.php\/wp-json\/wp\/v2\/media?parent=1508"}],"curies":[{"name":"wp","href":"https:\/\/api.w.org\/{rel}","templated":true}]}}